{"id":260,"date":"2017-02-01T13:53:23","date_gmt":"2017-02-01T12:53:23","guid":{"rendered":"http:\/\/www.konditorei-sader.it\/?page_id=260\/"},"modified":"2017-02-01T13:53:23","modified_gmt":"2017-02-01T12:53:23","slug":"direttiva-cookie","status":"publish","type":"page","link":"https:\/\/www.konditorei-sader.it\/it\/direttiva-cookie\/","title":{"rendered":"Direttiva Europea sui cookie"},"content":{"rendered":"<p>Implementazione della Direttiva (europea) 2009\/136\/CE relativa al trattamento dei dati personali e alla tutela della vita private nel settore delle comunicazioni elettroniche, denominata EU Cookie Law (legge europea sui cookie) o direttiva ePrivacy.<\/p>\n<h3>Che cos\u2019\u00e8 un cookie?<\/h3>\n<p>I cookie sono brevi frammenti di testo salvati in un file sul vostro computer da qualsiasi sito internet visitato da voi. Nei cookie vengono salvati informazioni come la lingua preferita dall\u2019utente o altre preferenze individuali. Di seguito i cookie trasmettono queste informazioni al sito internet tramite il browser se l\u2019utente visita di nuovo lo stesso sito. In questo modo \u00e8 possibile che i siti internet possano visualizzare alcune informazione a base delle preferenze individuali dell\u2019utente, memorizzate nei cookie.<\/p>\n<p>Usando le impostazioni predefinite per i cookie, queste funzioni occorrono senza l\u2019accorgersi dell\u2019utente e senza la possibilit\u00e0 di controllare le informazioni che vengono salvate e trasmesse. Per\u00f2 \u00e8 possibile configurare il vostro browser in modo che ogni volta un cookie deve essere modificato, l\u2019utente riceve una notificazione e ha la possibilit\u00e0 di accettare o rifiutare il cookie. In questo modo \u00e8 anche possibile limitare la durata di vita dei cookie to una sola sessione nel browser.<\/p>\n<h3>Quali tipi di cookie ci sono?<\/h3>\n<p>I cookie possono essere classificati secondo la loro durata di vita o il dominio a cui appartengono.<br \/>\nA dipendenza della durata si distingue tra:<\/p>\n<p><strong>cookie di sessione<\/strong> vengono distrutti ogni volta che l\u2019utente chiude il browser.<br \/>\n<strong>cookie persistenti<\/strong> rimangono sul computer\/apparecchio fino ad una data di scadenza preimpostata.<\/p>\n<p>Secondo il dominio si distingue tra:<\/p>\n<p><strong>cookie del primo operatore<\/strong> vengono creati dal web server sul quale si trova il sito internet visitato dall\u2019utente e appartengono allo stesso dominio.<br \/>\n<strong>cookie di terze parti<\/strong> vengono creati sotto un dominio diverso a quello del sito visitato dall\u2019utente. Ci\u00f2 occorre quando il sito web riferisce a dati esterni dal proprio dominio, come per esempio JavaScript.<\/p>\n<h3>Perch\u00e9 usiamo dei cookie?<\/h3>\n<p>Noi usiamo dei cookie propri e anche di terze parti (Google Analytics) per ottenere la miglior esperienza d\u2019uso per i nostri visitatori. Molte funzioni, come il salvamento delle impostazioni di lingua o di regione, sarebbero molto difficili da realizzare senza l\u2019uso di cookie.<\/p>\n<h3>Come rifiutare l\u2019uso dei cookie?<\/h3>\n<p>Tutti i browser web popolari offrono all\u2019utente la possibilit\u00e0 di accettare o rifiutare i cookie. \u00c8 anche possibile accettare i cookie solamente da certi siti o servizi internet. Queste impostazioni devono essere fatte nel vostro browser. Comunque c\u2019\u00e8 la possibilit\u00e0 che una disattivazione risulta in problemi di visualizzazione di certi siti internet.<\/p>\n<p>Di sotto ci sono le istruzioni per cambiare le impostazioni per i cookie nei tre browser pi\u00f9 popolari:<\/p>\n<p><strong>Internet Explorer:<\/strong><br \/>\n1. Eseguire Internet Explorer<br \/>\n2. Cliccare su \u201cStrumenti\u201d e scegliere \u201cOpzioni Internet\u201d.<br \/>\n3. Cliccare sulla scheda \u201cPrivacy\u201d e nella sezioni \u201cImpostazioni\u201d \u00e8 possibile modificare il dispositivo di scorrimento.<\/p>\n<p><strong>Mozilla Firefox:<\/strong><br \/>\n1. Eseguire Mozilla Firefox.<br \/>\n2. Cliccare sull&#8217;icona menu nella barra degli strumenti e selezionare \u201cOpzioni\u201d.<br \/>\n3. Selezionare \u201cPrivacy\u201d.<br \/>\n4. Nella sezione sotto \u201cImpostazioni cronologia\u201d scegliere \u201cutilizza impostazioni personalizzate\u201d per cambiare le impostazioni.<\/p>\n<p><strong>Google Chrome:<\/strong><br \/>\n1. Eseguire Google Chrome.<br \/>\n2. Cliccare sull&#8217;icona menu e selezionare \u201cOpzioni\u201d.<br \/>\n3. Cliccare su \u201cMostra impostazioni Avanzate\u201d.<br \/>\n4. Scegliere la rubrica \u201cPrivacy\u201d e cliccare su \u201cImpostazioni contenuti\u201d per configurare il trattamento dei cookie.<\/p>\n<p><strong>Fonti:<\/strong><br \/>\n<a href=\"https:\/\/support.mozilla.org\/de\/kb\/cookies-informationen-websites-auf-ihrem-computer\" target=\"_blank\">mozilla.org<\/a>, <a href=\"http:\/\/ec.europa.eu\/ipg\/basics\/legal\/cookies\/index_en.htm\" target=\"_blank\">ec.europa.eu<\/a><\/p>\n","protected":false},"excerpt":{"rendered":"<p>Implementazione della Direttiva (europea) 2009\/136\/CE relativa al trattamento dei dati personali e alla tutela della vita private nel settore delle comunicazioni elettroniche, denominata EU Cookie Law (legge europea sui cookie) o direttiva ePrivacy. Che cos\u2019\u00e8 un cookie? I cookie sono brevi frammenti di testo salvati in un file sul vostro computer da qualsiasi sito internet [&hellip;]<\/p>\n","protected":false},"author":1,"featured_media":0,"parent":0,"menu_order":0,"comment_status":"closed","ping_status":"closed","template":"page-std.php","meta":[],"_links":{"self":[{"href":"https:\/\/www.konditorei-sader.it\/it\/wp-json\/wp\/v2\/pages\/260"}],"collection":[{"href":"https:\/\/www.konditorei-sader.it\/it\/wp-json\/wp\/v2\/pages"}],"about":[{"href":"https:\/\/www.konditorei-sader.it\/it\/wp-json\/wp\/v2\/types\/page"}],"author":[{"embeddable":true,"href":"https:\/\/www.konditorei-sader.it\/it\/wp-json\/wp\/v2\/users\/1"}],"replies":[{"embeddable":true,"href":"https:\/\/www.konditorei-sader.it\/it\/wp-json\/wp\/v2\/comments?post=260"}],"version-history":[{"count":0,"href":"https:\/\/www.konditorei-sader.it\/it\/wp-json\/wp\/v2\/pages\/260\/revisions"}],"wp:attachment":[{"href":"https:\/\/www.konditorei-sader.it\/it\/wp-json\/wp\/v2\/media?parent=260"}],"curies":[{"name":"wp","href":"https:\/\/api.w.org\/{rel}","templated":true}]}}